{"id":188,"date":"2017-04-24T07:33:44","date_gmt":"2017-04-24T07:33:44","guid":{"rendered":"http:\/\/www.monitoringday.com\/?page_id=188"},"modified":"2019-02-06T08:24:05","modified_gmt":"2019-02-06T08:24:05","slug":"politica-de-cookies-y-privacidad","status":"publish","type":"page","link":"http:\/\/mmonitoringday.com\/en\/politica-de-cookies-y-privacidad\/","title":{"rendered":"Pol\u00edtica de cookies y privacidad"},"content":{"rendered":"<div class=\"container\">\n<h4><span style=\"color: #d9d9d9;\">CIC Consulting Inform\u00e1tico utiliza procedimientos autom\u00e1ticos de recogida de Cookies para reunir informaci\u00f3n personal como puede ser el tipo de navegador o sistema operativo, p\u00e1gina de referencia, ruta, dominio ISP (Proveedor de Internet), etc. todo ello con el fin de mejorar los servicios prestados. Las Cookies nos ayudan a adaptar \u00e9sta p\u00e1gina web a sus necesidades personales.<\/span><\/h4>\n<p>Una \u2018Cookie\u2019 es un peque\u00f1o archivo que se almacena en el ordenador del usuario y nos permite reconocerle. El conjunto de \u2018cookies\u2019 nos ayuda a mejorar la calidad de nuestra web, permiti\u00e9ndonos as\u00ed personalizar hasta cierto punto la navegaci\u00f3n de cada usuario por nuestra web. Las cookies actualmente son esenciales para el funcionamiento de internet, aportando innumerables ventajas en la prestaci\u00f3n de servicios interactivos, facilit\u00e1ndole la navegaci\u00f3n y usabilidad de nuestra web.<\/p>\n<p>Tenga en cuenta que las cookies no pueden da\u00f1ar su equipo y que, a cambio, el que est\u00e9n activadas nos ayudan a identificar y resolver los errores y mejorar la navegabilidad de nuestro sitio.<\/p>\n<h3>TIPOLOG\u00cdA DE COOKIES<\/h3>\n<\/div>\n<div class=\"container\">\n<p>Para una mayor informaci\u00f3n del usuario sobre la tipolog\u00eda y uso de las cookies le informamos que:<\/p>\n<ol>\n<li>Desde el punto de vista de \u2018tiempo de vida\u2019 de la cookie (tiempo que la cookie permanece activa en nuestro equipo) podemos diferenciar las cookies entre:\n<ul>\n<li>Cookies de sesi\u00f3n: son cookies temporales que permanecen en el archivo de cookies de su navegador hasta que abandone la p\u00e1gina web, por lo que ninguna queda registrada en el disco duro del usuario. La informaci\u00f3n obtenida por medio de estas cookies, sirven para analizar pautas de tr\u00e1fico en la web. A la larga, esto nos permite proporcionar una mejor experiencia para mejorar el contenido y facilitando su uso.<\/li>\n<\/ul>\n<ul>\n<li>Cookies permanentes: son almacenadas en el disco duro y nuestra web las lee cada vez que usted realiza una nueva visita. Una cookie permanente posee una fecha de expiraci\u00f3n determinada. La cookie dejar\u00e1 de funcionar despu\u00e9s de esa fecha. Las utilizamos, generalmente, para facilitar los servicios de compra y registro.<\/li>\n<\/ul>\n<\/li>\n<li>Desde el punto de vista del uso de cada cookie, podemos diferenciar entre:\n<ul>\n<li>Cookies Requeridas: son las cookies estrictamente necesarias como por ejemplo, aquellas que sirvan para una correcta navegaci\u00f3n o las que permitan realizar el pago de bienes o servicios solicitados por el usuario o cookies que sirvan para asegurar que el contenido de la p\u00e1gina web se carga eficazmente.<\/li>\n<li>Cookies Funcionales (anal\u00edticas): son cookies que nos permiten analizar el uso del Sitio web, de manera que podamos medir y mejorar el funcionamiento.<\/li>\n<li>Cookies de Publicidad y de Terceros: son las cookies usadas por redes sociales, o por complementos externos de contenido como google maps como tambi\u00e9n cookies de empresas publicitarias para publicar anuncios relevantes para sus intereses.<\/li>\n<\/ul>\n<\/li>\n<\/ol>\n<p>CIC guarda toda la informaci\u00f3n recogida a trav\u00e9s de las Cookies en un formato no personalizado (direcci\u00f3n de IP). Este tipo de informaci\u00f3n obtenida a trav\u00e9s de las Cookies no ser\u00e1 revelada fuera de CIC, ni utilizada para comunicaciones no solicitadas.<\/p>\n<h3>PRIVACIDAD ADECUADA \u2013 GESTI\u00d3N DE COOKIES<\/h3>\n<p>En caso que el usuario lo quisiera, el registro de las cookies podr\u00e1 estar sujeto a su aceptaci\u00f3n durante la instalaci\u00f3n o puesta al d\u00eda del navegador usado. El usuario puede en todo momento revocar su aceptaci\u00f3n mediante las opciones de configuraci\u00f3n de contenidos y privacidad disponibles en cada navegador. No obstante, en caso que el usuario no permita la instalaci\u00f3n de cookies en su navegador es posible que no pueda acceder a alguna de las secciones de nuestro sitio web.<\/p>\n<p>Para m\u00e1s informaci\u00f3n sobre la configuraci\u00f3n apropiada de las cookies y las opciones de activaci\u00f3n, restricci\u00f3n y\/o inhabilitaci\u00f3n se debe acudir en la secci\u00f3n de ayuda de su navegador para conocer m\u00e1s:<\/p>\n<ul>\n<li>Internet Explorer: Herramientas -&gt; Opciones de Internet -&gt; Privacidad -&gt; Configuraci\u00f3n.<\/li>\n<li>Firefox: Herramientas -&gt; Opciones -&gt; Privacidad -&gt; Historial -&gt; Configuraci\u00f3n Personalizada.<\/li>\n<li>Chrome: Configuraci\u00f3n -&gt; Mostrar opciones avanzadas -&gt; Privacidad -&gt; Configuraci\u00f3n de contenido.<\/li>\n<li>Safari: Preferencias -&gt; Seguridad.<\/li>\n<\/ul>\n<p>Muchos navegadores permiten activar un modo privado mediante el cual las cookies se borran siempre despu\u00e9s de su visita. Dependiendo de cada navegador este modo privado, puede tener diferentes nombres. A continuaci\u00f3n encontrar\u00e1 una lista de los navegadores m\u00e1s comunes y los diferentes nombres de este \u201cmodo privado\u201d:<\/p>\n<ul>\n<li>Internet Explorer 8 y superior; InPrivate<\/li>\n<li>Safari 2 y superior; Navegaci\u00f3n Privada<\/li>\n<li>Opera 10.5 y superior; Navegaci\u00f3n Privada<\/li>\n<li>FireFox 3.5 y superior; Navegaci\u00f3n Privada<\/li>\n<li>Google Chrome 10 y superior; Inc\u00f3gnito<\/li>\n<\/ul>\n<h3>RELACI\u00d3N Y DESCRIPCI\u00d3N DE COOKIES<\/h3>\n<p>La tabla que publicamos a continuaci\u00f3n recoge de forma esquematizada las cookies anteriormente descritas y utilizadas por el sitio web de CIC:<\/p>\n<table class=\"table\" width=\"100%\" cellspacing=\"0\">\n<thead>\n<tr>\n<th>Nombre<\/th>\n<th>Tipo<\/th>\n<th>Descripci\u00f3n<\/th>\n<\/tr>\n<\/thead>\n<tbody>\n<tr class=\"ms-rteTableOddRow-default\">\n<th class=\"ms-rteTableFirstCol-default\" colspan=\"1\" rowspan=\"1\">ASP.NET_SessionId<\/th>\n<td class=\"ms-rteTableOddCol-default\">Requerida<\/td>\n<td class=\"ms-rteTableEvenCol-default\">Esta cookie es usado por el lenguaje de encriptado ASP.NET para permitir que las variables de SESI\u00d3N sean guardadas en el servidor web. Esta cookies es esencial para el funcionamiento de la web. Expira al finalizar la sesi\u00f3n.<\/td>\n<\/tr>\n<tr class=\"ms-rteTableEvenRow-default\">\n<th class=\"ms-rteTableFirstCol-default\" colspan=\"1\" rowspan=\"1\">_ga<\/th>\n<td class=\"ms-rteTableOddCol-default\">Funcional<\/td>\n<td class=\"ms-rteTableEvenCol-default\">Almacena la fuente de tr\u00e1fico o una campa\u00f1a que explica c\u00f3mo el usuario lleg\u00f3 a su sitio. Se crea la cookie cuando se ejecuta la biblioteca de JavaScript y se actualiza cada vez que los datos se env\u00edan a Google Analytics. Expira despu\u00e9s de 2 a\u00f1os.<\/td>\n<\/tr>\n<tr class=\"ms-rteTableOddRow-default\">\n<th class=\"ms-rteTableFirstCol-default\" colspan=\"1\" rowspan=\"1\">__utma<\/th>\n<td class=\"ms-rteTableOddCol-default\">Funcional<\/td>\n<td class=\"ms-rteTableEvenCol-default\">Almacena la fuente de tr\u00e1fico o una campa\u00f1a que explica c\u00f3mo el usuario lleg\u00f3 a su sitio. Se crea la cookie cuando se ejecuta la biblioteca de JavaScript y se actualiza cada vez que los datos se env\u00edan a Google Analytics. Expira despu\u00e9s de 2 a\u00f1os.<\/td>\n<\/tr>\n<tr class=\"ms-rteTableEvenRow-default\">\n<th class=\"ms-rteTableFirstCol-default\" colspan=\"1\" rowspan=\"1\">__utmb<\/th>\n<td class=\"ms-rteTableOddCol-default\">Funcional<\/td>\n<td class=\"ms-rteTableEvenCol-default\">Se utiliza para determinar nuevas sesiones \/ visitas. La cookie se crea cuando se ejecuta la biblioteca de JavaScript y no existentes una cookie __UTMB La cookie se actualiza cada vez que los datos se env\u00edan a Google Analytics. Expira despu\u00e9s 30 min.<\/td>\n<\/tr>\n<tr class=\"ms-rteTableOddRow-default\">\n<th class=\"ms-rteTableFirstCol-default\" colspan=\"1\" rowspan=\"1\">__utmc<\/th>\n<td class=\"ms-rteTableOddCol-default\">Funcional<\/td>\n<td class=\"ms-rteTableEvenCol-default\">No se utiliza en ga.js. Ajuste para la interoperabilidad con urchin.js. Hist\u00f3ricamente, esta cookie operado en conjunto con la cookie __UTMB para determinar si el usuario estaba en una nueva sesi\u00f3n \/ visita. Expira al finalizar sesi\u00f3n.<\/td>\n<\/tr>\n<tr class=\"ms-rteTableEvenRow-default\">\n<th class=\"ms-rteTableFirstCol-default\" colspan=\"1\" rowspan=\"1\">__utmz<\/th>\n<td class=\"ms-rteTableOddCol-default\">Funcional<\/td>\n<td class=\"ms-rteTableEvenCol-default\">Almacena la fuente de tr\u00e1fico o una campa\u00f1a que explica c\u00f3mo el usuario lleg\u00f3 a su sitio. Se crea la cookie cuando se ejecuta la biblioteca de JavaScript y se actualiza cada vez que los datos se env\u00edan a Google Analytics. Expira despu\u00e9s de 6 meses.<\/td>\n<\/tr>\n<\/tbody>\n<\/table>\n<p>El contenido de esta web se actualiza regularmente por lo que podr\u00edamos integrar cookies de terceros a trav\u00e9s de contenido de otras webs como:<\/p>\n<ul>\n<li>YouTube<\/li>\n<li>Twitter<\/li>\n<\/ul>\n<\/div>\n<div class=\"imagen-bloque-contenido azul\">\n<h3 class=\"row container\" style=\"padding-left: 30px;\">POL\u00cdTICA DE PRIVACIDAD<\/h3>\n<\/div>\n<div class=\"container\">\n<p>El usuario del WebSite de CIC CONSULTING INFORMATICO DE CANTABRIA, SL (en adelante CIC) podr\u00e1 inscribirse en cualquiera de los WebSites de CIC, proporcionando determinados datos de car\u00e1cter personal.<\/p>\n<p>De conformidad con la vigente Ley Org\u00e1nica 15\/1999 de Protecci\u00f3n de Datos, CIC CONSULTING INFORMATICO DE CANTABRIA SL, como responsable del fichero, se compromete a mantener el secreto y la confidencialidad sobre los Datos de car\u00e1cter personal que le sean remitidos, o que se obtengan como consecuencia de la recogida a trav\u00e9s de formularios, y que ser\u00e1n incorporados a bases de datos relacionadas con los servicios solicitados, titularidad de CIC CONSULTING INFORMATICO DE CANTABRIA SL, C.I.F. B-39361019 y domicilio en el Parque Cient\u00edfico Tecnol\u00f3gico de Cantabria (PCTCAN), C\/Isabel Torres, 3, 39011 Santander- Cantabria, adoptando para ello todas las medidas de seguridad necesarias que eviten su p\u00e9rdida, modificaci\u00f3n sin consentimiento o accesos no autorizados, de acuerdo con el Reglamento de Desarrollo de la LOPD aprobado por el Real Decreto 1720\/2007, de 21 de diciembre.<\/p>\n<p>As\u00ed mismo se informa al Usuario que en cualquier momento puede ejercitar los derechos de acceso, rectificaci\u00f3n, cancelaci\u00f3n y oposici\u00f3n reconocidos en la Ley Org\u00e1nica 15\/1999, de 13 de Diciembre de 1999, de Protecci\u00f3n de Datos de Car\u00e1cter Personal, notific\u00e1ndolo a CIC CONSULTING INFORMATICO DE CANTABRIA SL, C.I.F. B-39361019 y domicilio en el Parque Cient\u00edfico Tecnol\u00f3gico de Cantabria (PCTCAN), C\/Isabel Torres, 3, 39011 Santander-Cantabria<br \/>\nTambi\u00e9n podr\u00e1 ejercitar sus derechos de acceso, rectificaci\u00f3n, cancelaci\u00f3n y oposici\u00f3n en la direcci\u00f3n de correo electr\u00f3nico: <a title=\"\" href=\"mailto:arco@cic.es\">arco@cic.es<\/a><\/p>\n<h3>FINALIDADES<\/h3>\n<p>La recogida y tratamiento automatizado de los Datos Personales tiene como finalidad los servicios solicitados por el usuario.<\/p>\n<p>La cumplimentaci\u00f3n de los formularios de inscripci\u00f3n online, env\u00edo de curr\u00edculum vitae y solicitud de informaci\u00f3n o contacto con expertos, son obligatorios.<br \/>\nEl no facilitar los datos personales solicitados o el no aceptar la presente pol\u00edtica de protecci\u00f3n de datos supone la imposibilidad de recibir la prestaci\u00f3n de los servicios o de recibir respuesta a las consultas realizadas.<\/p>\n<h3>CESI\u00d3N<\/h3>\n<p>CIC CONSULTING INFORMATICO DE CANTABRIA, SL no realizar\u00e1 cesiones de datos de car\u00e1cter personal de usuarios a terceros.<\/p>\n<h3>MEDIDAS DE SEGURIDAD<\/h3>\n<p>CIC ha adoptado los niveles y medidas de seguridad para la protecci\u00f3n de los datos personales instalando en sus sistemas y ficheros las medidas t\u00e9cnicas necesarias para garantizar el tratamiento confidencial de los datos, evitar su p\u00e9rdida, alteraci\u00f3n y acceso.<\/p>\n<p>Ello no obstante, el Usuario debe ser consciente de que las medidas de seguridad en Internet no son inexpugnables.<\/p>\n<h3>USO DE COOKIES<\/h3>\n<p>CIC CONSULTING INFORMATICO DE CANTABRIA, SL puede utilizar Cookies que re\u00fanan informaci\u00f3n sobre las preferencias de los Usuarios. Las Cookies no facilitan el nombre del Usuario ni ning\u00fan otro dato de car\u00e1cter personal salvo que el propio Usuario los facilite de forma voluntaria.<\/p>\n<p>El Usuario puede establecer que su programa navegador le advierta de la recepci\u00f3n de Cookies y sea capaz de impedir su instalaci\u00f3n en el Disco Duro.<\/p>\n<\/div>\n","protected":false},"excerpt":{"rendered":"<p>CIC Consulting Inform\u00e1tico utiliza procedimientos autom\u00e1ticos de recogida de Cookies para reunir informaci\u00f3n personal como puede ser el tipo de navegador o sistema operativo, p\u00e1gina de referencia, ruta, dominio ISP (Proveedor de Internet), etc. todo ello con el fin de mejorar los servicios prestados. Las Cookies nos ayudan a adaptar \u00e9sta p\u00e1gina web a sus [&hellip;]<\/p>\n","protected":false},"author":1,"featured_media":0,"parent":0,"menu_order":0,"comment_status":"closed","ping_status":"closed","template":"","meta":{"_acf_changed":false,"footnotes":""},"class_list":["post-188","page","type-page","status-publish","hentry"],"acf":[],"_links":{"self":[{"href":"http:\/\/mmonitoringday.com\/en\/wp-json\/wp\/v2\/pages\/188"}],"collection":[{"href":"http:\/\/mmonitoringday.com\/en\/wp-json\/wp\/v2\/pages"}],"about":[{"href":"http:\/\/mmonitoringday.com\/en\/wp-json\/wp\/v2\/types\/page"}],"author":[{"embeddable":true,"href":"http:\/\/mmonitoringday.com\/en\/wp-json\/wp\/v2\/users\/1"}],"replies":[{"embeddable":true,"href":"http:\/\/mmonitoringday.com\/en\/wp-json\/wp\/v2\/comments?post=188"}],"version-history":[{"count":3,"href":"http:\/\/mmonitoringday.com\/en\/wp-json\/wp\/v2\/pages\/188\/revisions"}],"predecessor-version":[{"id":220,"href":"http:\/\/mmonitoringday.com\/en\/wp-json\/wp\/v2\/pages\/188\/revisions\/220"}],"wp:attachment":[{"href":"http:\/\/mmonitoringday.com\/en\/wp-json\/wp\/v2\/media?parent=188"}],"curies":[{"name":"wp","href":"https:\/\/api.w.org\/{rel}","templated":true}]}}