{"id":186,"date":"2017-04-24T07:33:02","date_gmt":"2017-04-24T07:33:02","guid":{"rendered":"http:\/\/www.monitoringday.com\/?page_id=186"},"modified":"2019-02-06T08:23:41","modified_gmt":"2019-02-06T08:23:41","slug":"aviso-legal","status":"publish","type":"page","link":"http:\/\/mmonitoringday.com\/en\/aviso-legal\/","title":{"rendered":"Aviso Legal"},"content":{"rendered":"<div class=\"container\">\n<h4><span style=\"color: #d9d9d9;\">Esta Web ha sido creada por CONSULTING INFORMATICO DE CANTABRIA, S.L. con car\u00e1cter INFORMATIVO, para USO PERSONAL y GRATUITO.<\/span><\/h4>\n<p>Toda la informaci\u00f3n contenida en esta Web, incluyendo cualquier tipo de contenido (textos, im\u00e1genes, dise\u00f1os gr\u00e1ficos \u00f3 c\u00f3digos en el lenguaje HTML, JAVA, JAVA SCRIPT, FLASH, XML, .NET entre otros), es propiedad intelectual cuya titularidad corresponde a CONSULTING INFORMATICO DE CANTABRIA, S.L.<\/p>\n<p>\u2018Corresponde a CONSULTING INFORMATICO DE CANTABRIA, S.L el ejercicio exclusivo de los derechos de explotaci\u00f3n de la propiedad intelectual mencionada, en cualquier forma, y, en especial, los derechos de reproducci\u00f3n, distribuci\u00f3n, comunicaci\u00f3n p\u00fablica y transformaci\u00f3n\u2019.<\/p>\n<h3>AVISO LEGAL CON RESPECTO AL SOFTWARE, DOCUMENTOS Y SERVICIOS DISPONIBLES EN ESTE SITIO WEB<\/h3>\n<p>Los usuarios de Internet que accedan a esta Web est\u00e1n expresamente autorizados para visualizar toda la informaci\u00f3n que se contiene en la misma, as\u00ed como para efectuar \u2018download\u2019 o reproducciones privadas de la misma en sus sistemas inform\u00e1ticos propios, siempre y cuando los elementos que hayan sido reproducidos sean destinados \u00fanicamente a uso personal del usuario y no sean posteriormente cedidos o transmitidos a terceros o se instalen en cualquier servidor conectado directa o indirectamente a Internet o a una red local, de forma que sea posible el acceso de estos terceros a la citada informaci\u00f3n propiedad de CONSULTING INFORMATICO DE CANTABRIA, S.L mediante medios distintos a la propia Web. En este sentido, los usuarios de Internet no est\u00e1n autorizados para proceder a la distribuci\u00f3n, modificaci\u00f3n, cesi\u00f3n o comunicaci\u00f3n p\u00fablica de la informaci\u00f3n (en textos o im\u00e1genes) contenida en la Web, incluyendo su env\u00edo a trav\u00e9s de correo electr\u00f3nico o su distribuci\u00f3n, en cualquier forma y cualquiera que sea su finalidad, a una pluralidad de usuarios.<\/p>\n<p>Cualquier infracci\u00f3n de las prohibiciones y limitaciones contenidas en el p\u00e1rrafo anterior, se reputar\u00e1 infracci\u00f3n de los derechos de propiedad intelectual titularidad de CONSULTING INFORMATICO DE CANTABRIA, S.L, y dar\u00e1 lugar a las responsabilidades legalmente establecidas al efecto, pudiendo ser perseguida por esta \u00faltima mediante el ejercicio de las acciones administrativas, civiles o penales que, en su caso, correspondan.<\/p>\n<p>El acceso a esta web y el uso que sus usuarios pueden hacer de la informaci\u00f3n contenida en la misma, es responsabilidad exclusiva de dichos usuarios. CONSULTING INFORMATICO DE CANTABRIA, S.L no responder\u00e1 de las consecuencias, da\u00f1os o perjuicios que pudieran derivarse de tal acceso o uso de informaci\u00f3n. Asimismo CONSULTING INFORMATICO DE CANTABRIA, S.L es titular de los derechos de propiedad industrial referidos a sus productos y servicios y espec\u00edficamente de los relativos a la marca registrada \u2018 CONSULTING INFORMATICO DE CANTABRIA, S.L \u2018 y todas aquellas mencionadas a lo largo del web site, y en concreto las recogidas en el canal de marcas y productos.<\/p>\n<p>El acceso de los usuarios de Internet a esta Web en ninguna medida les otorga derecho alguno a usar o explotar en cualquier forma dichos derechos de propiedad industrial. Cualquier infracci\u00f3n o lesi\u00f3n que se produzca en este sentido, dar\u00e1 lugar a las responsabilidades legalmente establecidas, pudiendo ser perseguida por CONSULTING INFORMATICO DE CANTABRIA, S.L mediante el ejercicio de las acciones administrativas, civiles o penales que, en su caso, correspondan.<\/p>\n<h3>AVISO LEGAL RESPECTO A ENLACES A ESTA P\u00c1GINA Y A P\u00c1GINAS DE TERCEROS<\/h3>\n<p>CONSULTING INFORMATICO DE CANTABRIA, S.L no garantiza la inexistencia de errores en el acceso a su web, ni en su contenido ni que el mismo se encuentre actualizado, aunque desarrollar\u00e1 sus mejores esfuerzos para, en su caso, evitarlos, subsanarlos, o actualizar dicho contenido. Asimismo, CONSULTING INFORMATICO DE CANTABRIA, S.L no asumir\u00e1 ning\u00fan tipo de responsabilidad por informaciones de cualquier tipo contenidas en otras webs , a las que esta Web pueda remitir por medio de enlaces hipertextuales o \u2018links\u2019. La finalidad de los links que aparecen en esta Web es exclusivamente informativa, no suponiendo, en ning\u00fan caso, una sugerencia o invitaci\u00f3n al usuario a visitar las webs de destino. CONSULTING INFORMATICO DE CANTABRIA, S.L no ser\u00e1, en ning\u00fan caso, responsable del resultado que pueda o pretenda obtener el usuario de Internet de las Webs a las que acceda a trav\u00e9s de los citados links.<\/p>\n<h3>EXCLUSI\u00d3N DE RESPONSABILIDAD<\/h3>\n<p>CONSULTING INFORMATICO DE CANTABRIA, S.L no ser\u00e1 responsable de los da\u00f1os que pudieren ser ocasionados al sistema inform\u00e1tico de los usuarios de Internet por cualquier causa, incluyendo, pero sin limitaci\u00f3n, los da\u00f1os que pudieren ser ocasionados al usuario de Internet como consecuencia de la existencia de virus en la red. Asimismo, CONSULTING INFORMATICO DE CANTABRIA, S.L tampoco responder\u00e1 de cualquier interrupci\u00f3n, error o fallo que se produzca en el sistema como consecuencia de un mal funcionamiento de la red o de los servidores conectados a la misma.<\/p>\n<h3>AVISO DE DERECHOS DE AUTOR<\/h3>\n<p>CONSULTING INFORMATICO DE CANTABRIA, S.L se reserva el derecho a prohibir o impedir el acceso a cualquier usuario de Internet que introduzca en la Web cualquier tipo de contenido contrario a las normas legales o inmoral. Adem\u00e1s, CONSULTING INFORMATICO DE CANTABRIA, S.L adoptar\u00e1 las medidas legales que considere convenientes para impedir cualquier tipo de conducta contraria a la ley o inmoral y cooperar\u00e1 con las autoridades en la identificaci\u00f3n de las personas responsables que introduzcan en la Web contenidos que puedan suponer una violaci\u00f3n de la ley.<\/p>\n<p>CONSULTING INFORMATICO DE CANTABRIA, S.L se reserva la facultad de efectuar en todo momento y sin necesidad de previo aviso, modificaciones y actualizaciones de la informaci\u00f3n contenida en su Web o en la configuraci\u00f3n y presentaci\u00f3n de \u00e9sta.<\/p>\n<p>Todos los derechos no concedidos aqu\u00ed expresamente est\u00e1n reservados por CONSULTING INFORMATICO DE CANTABRIA, S.L<\/p>\n<h3>DATOS IDENTIFICATIVOS Y DIRECCI\u00d3N DE CONTACTO<\/h3>\n<p>CONSULTING INFORMATICO DE CANTABRIA, S.L<\/p>\n<p>Inscrita en el Registro Mercantil de Santander, Tomo 565 de Sociedades Limitadas, Folio 79, Hoja 6157 Inscripci\u00f3n 1\u00aa de 20 de Febrero de 1995, con C.I.F. B39361019.<\/p>\n<p>Para cualquier aclaraci\u00f3n sobre las presentes condiciones s o cualesquiera otros aspectos, tiene a su disposici\u00f3n la siguiente direcci\u00f3n:<\/p>\n<p>CONSULTING INFORMATICO DE CANTABRIA, S.L<\/p>\n<p>Parque Cient\u00edfico y Tecnol\u00f3gico de Cantabria (PCTCAN), c\/Isabel Torres, 3<br \/>\n39011 Santander (Cantabria) SPAIN<br \/>\nTel: 942 269 017<br \/>\nFax: 942 269 117<br \/>\n<a title=\"\" href=\"http:\/\/www.cic.es\/\">http:\/\/www.cic.es<\/a><\/p>\n<\/div>\n","protected":false},"excerpt":{"rendered":"<p>Esta Web ha sido creada por CONSULTING INFORMATICO DE CANTABRIA, S.L. con car\u00e1cter INFORMATIVO, para USO PERSONAL y GRATUITO. Toda la informaci\u00f3n contenida en esta Web, incluyendo cualquier tipo de contenido (textos, im\u00e1genes, dise\u00f1os gr\u00e1ficos \u00f3 c\u00f3digos en el lenguaje HTML, JAVA, JAVA SCRIPT, FLASH, XML, .NET entre otros), es propiedad intelectual cuya titularidad corresponde [&hellip;]<\/p>\n","protected":false},"author":1,"featured_media":0,"parent":0,"menu_order":0,"comment_status":"closed","ping_status":"closed","template":"","meta":{"_acf_changed":false,"footnotes":""},"class_list":["post-186","page","type-page","status-publish","hentry"],"acf":[],"_links":{"self":[{"href":"http:\/\/mmonitoringday.com\/en\/wp-json\/wp\/v2\/pages\/186"}],"collection":[{"href":"http:\/\/mmonitoringday.com\/en\/wp-json\/wp\/v2\/pages"}],"about":[{"href":"http:\/\/mmonitoringday.com\/en\/wp-json\/wp\/v2\/types\/page"}],"author":[{"embeddable":true,"href":"http:\/\/mmonitoringday.com\/en\/wp-json\/wp\/v2\/users\/1"}],"replies":[{"embeddable":true,"href":"http:\/\/mmonitoringday.com\/en\/wp-json\/wp\/v2\/comments?post=186"}],"version-history":[{"count":3,"href":"http:\/\/mmonitoringday.com\/en\/wp-json\/wp\/v2\/pages\/186\/revisions"}],"predecessor-version":[{"id":219,"href":"http:\/\/mmonitoringday.com\/en\/wp-json\/wp\/v2\/pages\/186\/revisions\/219"}],"wp:attachment":[{"href":"http:\/\/mmonitoringday.com\/en\/wp-json\/wp\/v2\/media?parent=186"}],"curies":[{"name":"wp","href":"https:\/\/api.w.org\/{rel}","templated":true}]}}